{"id":1495,"date":"2020-02-11T14:26:02","date_gmt":"2020-02-11T19:26:02","guid":{"rendered":"https:\/\/canextech.wpengine.com\/contact\/"},"modified":"2025-07-24T10:56:40","modified_gmt":"2025-07-24T14:56:40","slug":"contact","status":"publish","type":"page","link":"https:\/\/canex.tech\/fr\/contact\/","title":{"rendered":"Contact"},"content":{"rendered":"\t\t<div data-elementor-type=\"wp-page\" data-elementor-id=\"1495\" class=\"elementor elementor-1495 elementor-25\" data-elementor-post-type=\"page\">\n\t\t\t\t\t\t<section class=\"elementor-section elementor-top-section elementor-element elementor-element-9ef06e7 elementor-section-boxed elementor-section-height-default elementor-section-height-default\" data-id=\"9ef06e7\" data-element_type=\"section\" data-e-type=\"section\" data-settings=\"{&quot;background_background&quot;:&quot;gradient&quot;}\">\n\t\t\t\t\t\t\t<div class=\"elementor-background-overlay\"><\/div>\n\t\t\t\t\t\t\t<div class=\"elementor-container elementor-column-gap-no\">\n\t\t\t\t\t<div class=\"elementor-column elementor-col-50 elementor-top-column elementor-element elementor-element-5dfffe4\" data-id=\"5dfffe4\" data-element_type=\"column\" data-e-type=\"column\">\n\t\t\t<div class=\"elementor-widget-wrap elementor-element-populated\">\n\t\t\t\t\t\t<section class=\"elementor-section elementor-inner-section elementor-element elementor-element-bd80c7b elementor-section-boxed elementor-section-height-default elementor-section-height-default\" data-id=\"bd80c7b\" data-element_type=\"section\" data-e-type=\"section\" data-settings=\"{&quot;background_background&quot;:&quot;classic&quot;}\">\n\t\t\t\t\t\t<div class=\"elementor-container elementor-column-gap-default\">\n\t\t\t\t\t<div class=\"elementor-column elementor-col-100 elementor-inner-column elementor-element elementor-element-6ff94b9\" data-id=\"6ff94b9\" data-element_type=\"column\" data-e-type=\"column\" data-settings=\"{&quot;background_background&quot;:&quot;classic&quot;}\">\n\t\t\t<div class=\"elementor-widget-wrap elementor-element-populated\">\n\t\t\t\t\t\t<div class=\"elementor-element elementor-element-2f7859f elementor-widget elementor-widget-heading\" data-id=\"2f7859f\" data-element_type=\"widget\" data-e-type=\"widget\" data-widget_type=\"heading.default\">\n\t\t\t\t<div class=\"elementor-widget-container\">\n\t\t\t\t\t<h1 class=\"elementor-heading-title elementor-size-default\">Nous joindre<\/h1>\t\t\t\t<\/div>\n\t\t\t\t<\/div>\n\t\t\t\t\t<\/div>\n\t\t<\/div>\n\t\t\t\t\t<\/div>\n\t\t<\/section>\n\t\t\t\t<div class=\"elementor-element elementor-element-9d72e30 elementor-widget elementor-widget-heading\" data-id=\"9d72e30\" data-element_type=\"widget\" data-e-type=\"widget\" data-widget_type=\"heading.default\">\n\t\t\t\t<div class=\"elementor-widget-container\">\n\t\t\t\t\t<h2 class=\"elementor-heading-title elementor-size-default\">Des questions? Vous pouvez compter sur notre \u00e9quipe pour vous aider.<\/h2>\t\t\t\t<\/div>\n\t\t\t\t<\/div>\n\t\t\t\t<div class=\"elementor-element elementor-element-4ac42a4 elementor-widget elementor-widget-text-editor\" data-id=\"4ac42a4\" data-element_type=\"widget\" data-e-type=\"widget\" data-widget_type=\"text-editor.default\">\n\t\t\t\t<div class=\"elementor-widget-container\">\n\t\t\t\t\t\t\t\t\t<p style=\"text-align: left;\"><span style=\"font-size: 18pt;\"><a href=\"tel:18668589703\">1 866 858-9703<\/a><\/span><\/p>\t\t\t\t\t\t\t\t<\/div>\n\t\t\t\t<\/div>\n\t\t\t\t<div class=\"elementor-element elementor-element-bae079b elementor-widget elementor-widget-text-editor\" data-id=\"bae079b\" data-element_type=\"widget\" data-e-type=\"widget\" data-widget_type=\"text-editor.default\">\n\t\t\t\t<div class=\"elementor-widget-container\">\n\t\t\t\t\t\t\t\t\tInformation sur nos produits, d\u00e9monstration ou r\u00e9ponses \u00e0 vos questions? Remplissez ce formulaire pour trouver tout ce dont vous avez besoin, et plus!\t\t\t\t\t\t\t\t<\/div>\n\t\t\t\t<\/div>\n\t\t\t\t\t<\/div>\n\t\t<\/div>\n\t\t\t\t<div class=\"elementor-column elementor-col-50 elementor-top-column elementor-element elementor-element-ba9f7d4\" data-id=\"ba9f7d4\" data-element_type=\"column\" data-e-type=\"column\">\n\t\t\t<div class=\"elementor-widget-wrap elementor-element-populated\">\n\t\t\t\t\t\t<div class=\"elementor-element elementor-element-8082ffa elementor-widget elementor-widget-formidable\" data-id=\"8082ffa\" data-element_type=\"widget\" data-e-type=\"widget\" data-widget_type=\"formidable.default\">\n\t\t\t\t<div class=\"elementor-widget-container\">\n\t\t\t\t\t<link rel='stylesheet' id='formidable-css' href='https:\/\/canex.tech\/wp-content\/plugins\/formidable\/css\/formidableforms.css?ver=3161701' media='all' \/>\n<div class=\"frm_forms  with_frm_style frm_style_formidable-style\" id=\"frm_form_18_container\" data-token=\"02e8e8a28254a75c86bc6110ff7ba06f\">\n<form enctype=\"multipart\/form-data\" method=\"post\" class=\"frm-show-form btn-right frm_js_validate  frm_ajax_submit  frm_pro_form \" id=\"form_contact-form243\" data-token=\"02e8e8a28254a75c86bc6110ff7ba06f\">\n<div class=\"frm_form_fields \">\n<fieldset>\n<legend class=\"frm_screen_reader\">Contactez-nous<\/legend>\r\n\r\n<div class=\"frm_fields_container\">\n<input type=\"hidden\" name=\"frm_action\" value=\"create\" \/>\n<input type=\"hidden\" name=\"form_id\" value=\"18\" \/>\n<input type=\"hidden\" name=\"frm_hide_fields_18\" id=\"frm_hide_fields_18\" value=\"\" \/>\n<input type=\"hidden\" name=\"form_key\" value=\"contact-form243\" \/>\n<input type=\"hidden\" name=\"item_meta[0]\" value=\"\" \/>\n<input type=\"hidden\" id=\"frm_submit_entry_18\" name=\"frm_submit_entry_18\" value=\"50768dd502\" \/><input type=\"hidden\" name=\"_wp_http_referer\" value=\"\/fr\/wp-json\/wp\/v2\/pages\/1495\" \/><div id=\"frm_field_124_container\" class=\"frm_form_field form-field  frm_required_field frm_none_container\">\r\n    <label for=\"field_qh4icy34\" class=\"frm_primary_label\">Pr\u00e9nom\r\n        <span class=\"frm_required\"><\/span>\r\n    <\/label>\r\n    <input  type=\"text\" id=\"field_qh4icy34\" name=\"item_meta[124]\" value=\"\"  placeholder=\"Pr\u00e9nom*\" data-reqmsg=\"Ce champ ne peut pas \u00eatre vide\" aria-required=\"true\" data-invmsg=\"Name est non valide\" aria-invalid=\"false\"   \/>\r\n    \r\n    \r\n<\/div>\n<div id=\"frm_field_125_container\" class=\"frm_form_field form-field  frm_required_field frm_none_container\">\r\n    <label for=\"field_ocfup134\" class=\"frm_primary_label\">Nom\r\n        <span class=\"frm_required\"><\/span>\r\n    <\/label>\r\n    <input  type=\"text\" id=\"field_ocfup134\" name=\"item_meta[125]\" value=\"\"  placeholder=\"Nom*\" data-reqmsg=\"Ce champ ne peut pas \u00eatre vide\" aria-required=\"true\" data-invmsg=\"Last est non valide\" aria-invalid=\"false\"   \/>\r\n    \r\n    \r\n<\/div>\n<div id=\"frm_field_126_container\" class=\"frm_form_field form-field  frm_required_field frm_none_container frm6 frm_first\">\r\n    <label for=\"field_5wc5n54\" class=\"frm_primary_label\">T\u00e9l\u00e9phone\r\n        <span class=\"frm_required\"><\/span>\r\n    <\/label>\r\n    <input  type=\"text\" id=\"field_5wc5n54\" name=\"item_meta[126]\" value=\"\"  placeholder=\"T\u00e9l\u00e9phone*\" data-reqmsg=\"Ce champ ne peut pas \u00eatre vide\" aria-required=\"true\" data-invmsg=\"Name est non valide\" aria-invalid=\"false\"   \/>\r\n    \r\n    \r\n<\/div>\n<div id=\"frm_field_127_container\" class=\"frm_form_field form-field  frm_required_field frm_none_container frm6\">\r\n    <label for=\"field_29yf4d34\" class=\"frm_primary_label\">Courriel\r\n        <span class=\"frm_required\"><\/span>\r\n    <\/label>\r\n    <input type=\"email\" id=\"field_29yf4d34\" name=\"item_meta[127]\" value=\"\"  placeholder=\"Courriel*\" data-reqmsg=\"Ce champ ne peut pas \u00eatre vide\" aria-required=\"true\" data-invmsg=\"Veuillez entrer une adresse email valide\" aria-invalid=\"false\"  \/>\r\n    \r\n    \r\n<\/div>\n<div id=\"frm_field_128_container\" class=\"frm_form_field form-field  frm_none_container\">\r\n    <label for=\"field_lrc7p54\" class=\"frm_primary_label\">Organisation\r\n        <span class=\"frm_required\"><\/span>\r\n    <\/label>\r\n    <input  type=\"text\" id=\"field_lrc7p54\" name=\"item_meta[128]\" value=\"\"  placeholder=\"Organisation\" data-invmsg=\"Last est non valide\" aria-invalid=\"false\"   \/>\r\n    \r\n    \r\n<\/div>\n<div id=\"frm_field_129_container\" class=\"frm_form_field form-field  frm_none_container\">\r\n    <label for=\"field_mvc2o4\" id=\"field_mvc2o4_label\" class=\"frm_primary_label\">Pays\r\n        <span class=\"frm_required\" aria-hidden=\"true\"><\/span>\r\n    <\/label>\r\n    <input  type=\"text\" id=\"field_mvc2o4\" name=\"item_meta[129]\" value=\"\"  placeholder=\"Pays\" data-invmsg=\"Text is invalid\" aria-invalid=\"false\"   \/>\r\n    \r\n    \r\n<\/div>\n<div id=\"frm_field_130_container\" class=\"frm_form_field form-field  frm_none_container\">\r\n    <label for=\"field_wgnky3\" id=\"field_wgnky3_label\" class=\"frm_primary_label\">Sujet\r\n        <span class=\"frm_required\" aria-hidden=\"true\"><\/span>\r\n    <\/label>\r\n    \t\t<select name=\"item_meta[130]\" id=\"field_wgnky3\"  data-placeholder=\"Sujet\"  placeholder=\"Sujet\" data-invmsg=\"Sujet is invalid\" aria-invalid=\"false\"  >\n\t\t<option  class=\"frm-select-placeholder\" value=\"\" data-placeholder=\"true\">Sujet<\/option><option  value=\"ZIPCAM 360\">ZIPCAM 360<\/option><option  value=\"DIPCAM\">DIPCAM<\/option><option  value=\"ANALYSIS\">ANALYSIS<\/option><option  value=\"Nos services\">Nos services<\/option><option  value=\"Questions g\u00e9n\u00e9rales\">Questions g\u00e9n\u00e9rales<\/option>\t<\/select>\n\t\r\n    \r\n    \r\n<\/div>\n<div id=\"frm_field_131_container\" class=\"frm_form_field form-field  frm_none_container frm_full\">\r\n    <label for=\"field_9jv0r15\" class=\"frm_primary_label\">Message\r\n        <span class=\"frm_required\"><\/span>\r\n    <\/label>\r\n    <textarea name=\"item_meta[131]\" id=\"field_9jv0r15\" rows=\"5\"  placeholder=\"Message\" data-invmsg=\"Message is invalid\" aria-invalid=\"false\"  ><\/textarea>\r\n    \r\n    \r\n<\/div>\n<div id=\"frm_field_132_container\" class=\"frm_form_field form-field  frm_none_container\">\r\n    <label for=\"g-recaptcha-response\" id=\"field_hf1c84_label\" class=\"frm_primary_label\">CAPTCHA\r\n        <span class=\"frm_required\" aria-hidden=\"true\"><\/span>\r\n    <\/label>\r\n    <div  id=\"field_hf1c84\" class=\"frm-g-recaptcha\" data-sitekey=\"6LfY1gclAAAAAOBB-iTL5oCkKeSvOJ1jFfIiBsmx\" data-size=\"normal\" data-theme=\"light\"><\/div>\r\n    \r\n    \r\n<\/div>\n<div id=\"frm_field_213_container\" class=\"frm_form_field form-field \">\r\n\t<div class=\"frm_submit  frm_first frm_third\">\r\n\r\n<button class=\"btn frm_button_submit frm_final_submit\" type=\"submit\"   formnovalidate=\"formnovalidate\">Submit <span class=\"btn-submit-icon\">><\/span><\/button>\r\n\r\n<\/div>\r\n<\/div>\n\t<input type=\"hidden\" name=\"item_key\" value=\"\" \/>\n\t\t\t<div id=\"frm_field_221_container\">\n\t\t\t<label for=\"field_moi3p\" >\n\t\t\t\tSi vous \u00eates un humain, ne remplissez pas ce champ.\t\t\t<\/label>\n\t\t\t<input  id=\"field_moi3p\" type=\"text\" class=\"frm_form_field form-field frm_verify\" name=\"item_meta[221]\" value=\"\"  \/>\n\t\t<\/div>\n\t\t<input name=\"frm_state\" type=\"hidden\" value=\"jnAOxU1o+C9xKOBgM4ROMaIPXS4eLnFSUlTmQaPJNRcEmSVyI4hroip5NmDFqVt3\" \/><\/div>\n<\/fieldset>\n<\/div>\n\n<\/form>\n<\/div>\n\t\t\t\t<\/div>\n\t\t\t\t<\/div>\n\t\t\t\t\t<\/div>\n\t\t<\/div>\n\t\t\t\t\t<\/div>\n\t\t<\/section>\n\t\t\t\t<section class=\"elementor-section elementor-top-section elementor-element elementor-element-0e2c6e1 elementor-section-boxed elementor-section-height-default elementor-section-height-default\" data-id=\"0e2c6e1\" data-element_type=\"section\" data-e-type=\"section\" data-settings=\"{&quot;background_background&quot;:&quot;classic&quot;}\">\n\t\t\t\t\t\t\t<div class=\"elementor-background-overlay\"><\/div>\n\t\t\t\t\t\t\t<div class=\"elementor-container elementor-column-gap-no\">\n\t\t\t\t\t<div class=\"elementor-column elementor-col-50 elementor-top-column elementor-element elementor-element-46fed6b\" data-id=\"46fed6b\" data-element_type=\"column\" data-e-type=\"column\">\n\t\t\t<div class=\"elementor-widget-wrap elementor-element-populated\">\n\t\t\t\t\t\t<div class=\"elementor-element elementor-element-77e39a7 elementor-widget elementor-widget-heading\" data-id=\"77e39a7\" data-element_type=\"widget\" data-e-type=\"widget\" data-widget_type=\"heading.default\">\n\t\t\t\t<div class=\"elementor-widget-container\">\n\t\t\t\t\t<h2 class=\"elementor-heading-title elementor-size-default\">Avez-vous consult\u00e9 notre FAQ? Vous y trouverez de l\u2019information pr\u00e9cieuse pour vos besoins.<\/h2>\t\t\t\t<\/div>\n\t\t\t\t<\/div>\n\t\t\t\t\t<\/div>\n\t\t<\/div>\n\t\t\t\t<div class=\"elementor-column elementor-col-50 elementor-top-column elementor-element elementor-element-a6e3492 btn-border\" data-id=\"a6e3492\" data-element_type=\"column\" data-e-type=\"column\">\n\t\t\t<div class=\"elementor-widget-wrap elementor-element-populated\">\n\t\t\t\t\t\t<div class=\"elementor-element elementor-element-5c3603c elementor-align-center elementor-widget elementor-widget-button\" data-id=\"5c3603c\" data-element_type=\"widget\" data-e-type=\"widget\" data-widget_type=\"button.default\">\n\t\t\t\t<div class=\"elementor-widget-container\">\n\t\t\t\t\t\t\t\t\t<div class=\"elementor-button-wrapper\">\n\t\t\t\t\t<a class=\"elementor-button elementor-button-link elementor-size-sm\" href=\"\/fr\/faq\/\">\n\t\t\t\t\t\t<span class=\"elementor-button-content-wrapper\">\n\t\t\t\t\t\t\t\t\t<span class=\"elementor-button-text\">Consulter la FAQ<\/span>\n\t\t\t\t\t<\/span>\n\t\t\t\t\t<\/a>\n\t\t\t\t<\/div>\n\t\t\t\t\t\t\t\t<\/div>\n\t\t\t\t<\/div>\n\t\t\t\t\t<\/div>\n\t\t<\/div>\n\t\t\t\t\t<\/div>\n\t\t<\/section>\n\t\t\t\t<\/div>\n\t\t","protected":false},"excerpt":{"rendered":"<p>Nous joindre Des questions? Vous pouvez compter sur notre \u00e9quipe pour vous aider. 1 866 858-9703 Information sur nos produits, d\u00e9monstration ou r\u00e9ponses \u00e0 vos questions? Remplissez ce formulaire pour trouver tout ce dont vous avez besoin, et plus! Contactez-nous Pr\u00e9nom Nom T\u00e9l\u00e9phone Courriel Organisation Pays Sujet SujetZIPCAM 360ANALYSISNos servicesQuestions g\u00e9n\u00e9rales Message CAPTCHA Submit > [&hellip;]<\/p>\n","protected":false},"author":2,"featured_media":3050,"parent":0,"menu_order":0,"comment_status":"closed","ping_status":"closed","template":"","meta":{"_acf_changed":false,"site-sidebar-layout":"default","site-content-layout":"default","ast-site-content-layout":"default","site-content-style":"default","site-sidebar-style":"default","ast-global-header-display":"","ast-banner-title-visibility":"","ast-main-header-display":"","ast-hfb-above-header-display":"","ast-hfb-below-header-display":"","ast-hfb-mobile-header-display":"","site-post-title":"disabled","ast-breadcrumbs-content":"","ast-featured-img":"disabled","footer-sml-layout":"","ast-disable-related-posts":"","theme-transparent-header-meta":"default","adv-header-id-meta":"","stick-header-meta":"default","header-above-stick-meta":"","header-main-stick-meta":"","header-below-stick-meta":"","astra-migrate-meta-layouts":"default","ast-page-background-enabled":"default","ast-page-background-meta":{"desktop":{"background-color":"","background-image":"","background-repeat":"repeat","background-position":"center center","background-size":"auto","background-attachment":"scroll","background-type":"","background-media":"","overlay-type":"","overlay-color":"","overlay-opacity":"","overlay-gradient":""},"tablet":{"background-color":"","background-image":"","background-repeat":"repeat","background-position":"center center","background-size":"auto","background-attachment":"scroll","background-type":"","background-media":"","overlay-type":"","overlay-color":"","overlay-opacity":"","overlay-gradient":""},"mobile":{"background-color":"","background-image":"","background-repeat":"repeat","background-position":"center center","background-size":"auto","background-attachment":"scroll","background-type":"","background-media":"","overlay-type":"","overlay-color":"","overlay-opacity":"","overlay-gradient":""}},"ast-content-background-meta":{"desktop":{"background-color":"var(--ast-global-color-5)","background-image":"","background-repeat":"repeat","background-position":"center center","background-size":"auto","background-attachment":"scroll","background-type":"","background-media":"","overlay-type":"","overlay-color":"","overlay-opacity":"","overlay-gradient":""},"tablet":{"background-color":"var(--ast-global-color-5)","background-image":"","background-repeat":"repeat","background-position":"center center","background-size":"auto","background-attachment":"scroll","background-type":"","background-media":"","overlay-type":"","overlay-color":"","overlay-opacity":"","overlay-gradient":""},"mobile":{"background-color":"var(--ast-global-color-5)","background-image":"","background-repeat":"repeat","background-position":"center center","background-size":"auto","background-attachment":"scroll","background-type":"","background-media":"","overlay-type":"","overlay-color":"","overlay-opacity":"","overlay-gradient":""}},"footnotes":""},"class_list":["post-1495","page","type-page","status-publish","has-post-thumbnail","hentry"],"acf":[],"yoast_head":"<!-- This site is optimized with the Yoast SEO Premium plugin v27.5 (Yoast SEO v27.5) - https:\/\/yoast.com\/product\/yoast-seo-premium-wordpress\/ -->\n<title>Contactez-nous | Can-Ex Technologies<\/title>\n<meta name=\"description\" content=\"Contactez notre \u00e9quipe d&#039;experts pour en savoir plus sur notre offre et trouver des r\u00e9ponses \u00e0 vos questions les plus d\u00e9terminantes.\" \/>\n<meta name=\"robots\" content=\"index, follow, max-snippet:-1, max-image-preview:large, max-video-preview:-1\" \/>\n<link rel=\"canonical\" href=\"https:\/\/canex.tech\/fr\/contact\/\" \/>\n<meta property=\"og:locale\" content=\"fr_FR\" \/>\n<meta property=\"og:type\" content=\"article\" \/>\n<meta property=\"og:title\" content=\"Contact\" \/>\n<meta property=\"og:description\" content=\"Contactez notre \u00e9quipe d&#039;experts pour en savoir plus sur notre offre et trouver des r\u00e9ponses \u00e0 vos questions les plus d\u00e9terminantes.\" \/>\n<meta property=\"og:url\" content=\"https:\/\/canex.tech\/fr\/contact\/\" \/>\n<meta property=\"og:site_name\" content=\"Can-Ex Technologies\" \/>\n<meta property=\"article:modified_time\" content=\"2025-07-24T14:56:40+00:00\" \/>\n<meta property=\"og:image\" content=\"https:\/\/canex.tech\/wp-content\/uploads\/2023\/01\/328-canex-tech-image-vedette.png\" \/>\n\t<meta property=\"og:image:width\" content=\"1200\" \/>\n\t<meta property=\"og:image:height\" content=\"628\" \/>\n\t<meta property=\"og:image:type\" content=\"image\/png\" \/>\n<meta name=\"twitter:card\" content=\"summary_large_image\" \/>\n<meta name=\"twitter:label1\" content=\"Dur\u00e9e de lecture estim\u00e9e\" \/>\n\t<meta name=\"twitter:data1\" content=\"1 minute\" \/>\n<script type=\"application\/ld+json\" class=\"yoast-schema-graph\">{\"@context\":\"https:\\\/\\\/schema.org\",\"@graph\":[{\"@type\":\"WebPage\",\"@id\":\"https:\\\/\\\/canex.tech\\\/fr\\\/contact\\\/\",\"url\":\"https:\\\/\\\/canex.tech\\\/fr\\\/contact\\\/\",\"name\":\"Contactez-nous | Can-Ex Technologies\",\"isPartOf\":{\"@id\":\"https:\\\/\\\/canex.tech\\\/fr\\\/#website\"},\"primaryImageOfPage\":{\"@id\":\"https:\\\/\\\/canex.tech\\\/fr\\\/contact\\\/#primaryimage\"},\"image\":{\"@id\":\"https:\\\/\\\/canex.tech\\\/fr\\\/contact\\\/#primaryimage\"},\"thumbnailUrl\":\"https:\\\/\\\/canex.tech\\\/wp-content\\\/uploads\\\/2025\\\/08\\\/canex-tech-about.jpg\",\"datePublished\":\"2020-02-11T19:26:02+00:00\",\"dateModified\":\"2025-07-24T14:56:40+00:00\",\"description\":\"Contactez notre \u00e9quipe d'experts pour en savoir plus sur notre offre et trouver des r\u00e9ponses \u00e0 vos questions les plus d\u00e9terminantes.\",\"breadcrumb\":{\"@id\":\"https:\\\/\\\/canex.tech\\\/fr\\\/contact\\\/#breadcrumb\"},\"inLanguage\":\"fr-FR\",\"potentialAction\":[{\"@type\":\"ReadAction\",\"target\":[\"https:\\\/\\\/canex.tech\\\/fr\\\/contact\\\/\"]}]},{\"@type\":\"ImageObject\",\"inLanguage\":\"fr-FR\",\"@id\":\"https:\\\/\\\/canex.tech\\\/fr\\\/contact\\\/#primaryimage\",\"url\":\"https:\\\/\\\/canex.tech\\\/wp-content\\\/uploads\\\/2025\\\/08\\\/canex-tech-about.jpg\",\"contentUrl\":\"https:\\\/\\\/canex.tech\\\/wp-content\\\/uploads\\\/2025\\\/08\\\/canex-tech-about.jpg\",\"width\":1200,\"height\":628},{\"@type\":\"BreadcrumbList\",\"@id\":\"https:\\\/\\\/canex.tech\\\/fr\\\/contact\\\/#breadcrumb\",\"itemListElement\":[{\"@type\":\"ListItem\",\"position\":1,\"name\":\"Home\",\"item\":\"https:\\\/\\\/canex.tech\\\/fr\\\/\"},{\"@type\":\"ListItem\",\"position\":2,\"name\":\"Contact\"}]},{\"@type\":\"WebSite\",\"@id\":\"https:\\\/\\\/canex.tech\\\/fr\\\/#website\",\"url\":\"https:\\\/\\\/canex.tech\\\/fr\\\/\",\"name\":\"Can-Ex Technologies\",\"description\":\"\",\"publisher\":{\"@id\":\"https:\\\/\\\/canex.tech\\\/fr\\\/#organization\"},\"potentialAction\":[{\"@type\":\"SearchAction\",\"target\":{\"@type\":\"EntryPoint\",\"urlTemplate\":\"https:\\\/\\\/canex.tech\\\/fr\\\/?s={search_term_string}\"},\"query-input\":{\"@type\":\"PropertyValueSpecification\",\"valueRequired\":true,\"valueName\":\"search_term_string\"}}],\"inLanguage\":\"fr-FR\"},{\"@type\":\"Organization\",\"@id\":\"https:\\\/\\\/canex.tech\\\/fr\\\/#organization\",\"name\":\"Can-Ex Technologies\",\"url\":\"https:\\\/\\\/canex.tech\\\/fr\\\/\",\"logo\":{\"@type\":\"ImageObject\",\"inLanguage\":\"fr-FR\",\"@id\":\"https:\\\/\\\/canex.tech\\\/fr\\\/#\\\/schema\\\/logo\\\/image\\\/\",\"url\":\"https:\\\/\\\/canex.tech\\\/wp-content\\\/uploads\\\/2023\\\/01\\\/1-logo-header.svg\",\"contentUrl\":\"https:\\\/\\\/canex.tech\\\/wp-content\\\/uploads\\\/2023\\\/01\\\/1-logo-header.svg\",\"caption\":\"Can-Ex Technologies\"},\"image\":{\"@id\":\"https:\\\/\\\/canex.tech\\\/fr\\\/#\\\/schema\\\/logo\\\/image\\\/\"}}]}<\/script>\n<!-- \/ Yoast SEO Premium plugin. -->","yoast_head_json":{"title":"Contactez-nous | Can-Ex Technologies","description":"Contactez notre \u00e9quipe d'experts pour en savoir plus sur notre offre et trouver des r\u00e9ponses \u00e0 vos questions les plus d\u00e9terminantes.","robots":{"index":"index","follow":"follow","max-snippet":"max-snippet:-1","max-image-preview":"max-image-preview:large","max-video-preview":"max-video-preview:-1"},"canonical":"https:\/\/canex.tech\/fr\/contact\/","og_locale":"fr_FR","og_type":"article","og_title":"Contact","og_description":"Contactez notre \u00e9quipe d'experts pour en savoir plus sur notre offre et trouver des r\u00e9ponses \u00e0 vos questions les plus d\u00e9terminantes.","og_url":"https:\/\/canex.tech\/fr\/contact\/","og_site_name":"Can-Ex Technologies","article_modified_time":"2025-07-24T14:56:40+00:00","og_image":[{"width":1200,"height":628,"url":"https:\/\/canex.tech\/wp-content\/uploads\/2023\/01\/328-canex-tech-image-vedette.png","type":"image\/png"}],"twitter_card":"summary_large_image","twitter_misc":{"Dur\u00e9e de lecture estim\u00e9e":"1 minute"},"schema":{"@context":"https:\/\/schema.org","@graph":[{"@type":"WebPage","@id":"https:\/\/canex.tech\/fr\/contact\/","url":"https:\/\/canex.tech\/fr\/contact\/","name":"Contactez-nous | Can-Ex Technologies","isPartOf":{"@id":"https:\/\/canex.tech\/fr\/#website"},"primaryImageOfPage":{"@id":"https:\/\/canex.tech\/fr\/contact\/#primaryimage"},"image":{"@id":"https:\/\/canex.tech\/fr\/contact\/#primaryimage"},"thumbnailUrl":"https:\/\/canex.tech\/wp-content\/uploads\/2025\/08\/canex-tech-about.jpg","datePublished":"2020-02-11T19:26:02+00:00","dateModified":"2025-07-24T14:56:40+00:00","description":"Contactez notre \u00e9quipe d'experts pour en savoir plus sur notre offre et trouver des r\u00e9ponses \u00e0 vos questions les plus d\u00e9terminantes.","breadcrumb":{"@id":"https:\/\/canex.tech\/fr\/contact\/#breadcrumb"},"inLanguage":"fr-FR","potentialAction":[{"@type":"ReadAction","target":["https:\/\/canex.tech\/fr\/contact\/"]}]},{"@type":"ImageObject","inLanguage":"fr-FR","@id":"https:\/\/canex.tech\/fr\/contact\/#primaryimage","url":"https:\/\/canex.tech\/wp-content\/uploads\/2025\/08\/canex-tech-about.jpg","contentUrl":"https:\/\/canex.tech\/wp-content\/uploads\/2025\/08\/canex-tech-about.jpg","width":1200,"height":628},{"@type":"BreadcrumbList","@id":"https:\/\/canex.tech\/fr\/contact\/#breadcrumb","itemListElement":[{"@type":"ListItem","position":1,"name":"Home","item":"https:\/\/canex.tech\/fr\/"},{"@type":"ListItem","position":2,"name":"Contact"}]},{"@type":"WebSite","@id":"https:\/\/canex.tech\/fr\/#website","url":"https:\/\/canex.tech\/fr\/","name":"Can-Ex Technologies","description":"","publisher":{"@id":"https:\/\/canex.tech\/fr\/#organization"},"potentialAction":[{"@type":"SearchAction","target":{"@type":"EntryPoint","urlTemplate":"https:\/\/canex.tech\/fr\/?s={search_term_string}"},"query-input":{"@type":"PropertyValueSpecification","valueRequired":true,"valueName":"search_term_string"}}],"inLanguage":"fr-FR"},{"@type":"Organization","@id":"https:\/\/canex.tech\/fr\/#organization","name":"Can-Ex Technologies","url":"https:\/\/canex.tech\/fr\/","logo":{"@type":"ImageObject","inLanguage":"fr-FR","@id":"https:\/\/canex.tech\/fr\/#\/schema\/logo\/image\/","url":"https:\/\/canex.tech\/wp-content\/uploads\/2023\/01\/1-logo-header.svg","contentUrl":"https:\/\/canex.tech\/wp-content\/uploads\/2023\/01\/1-logo-header.svg","caption":"Can-Ex Technologies"},"image":{"@id":"https:\/\/canex.tech\/fr\/#\/schema\/logo\/image\/"}}]}},"_links":{"self":[{"href":"https:\/\/canex.tech\/fr\/wp-json\/wp\/v2\/pages\/1495","targetHints":{"allow":["GET"]}}],"collection":[{"href":"https:\/\/canex.tech\/fr\/wp-json\/wp\/v2\/pages"}],"about":[{"href":"https:\/\/canex.tech\/fr\/wp-json\/wp\/v2\/types\/page"}],"author":[{"embeddable":true,"href":"https:\/\/canex.tech\/fr\/wp-json\/wp\/v2\/users\/2"}],"replies":[{"embeddable":true,"href":"https:\/\/canex.tech\/fr\/wp-json\/wp\/v2\/comments?post=1495"}],"version-history":[{"count":0,"href":"https:\/\/canex.tech\/fr\/wp-json\/wp\/v2\/pages\/1495\/revisions"}],"wp:featuredmedia":[{"embeddable":true,"href":"https:\/\/canex.tech\/fr\/wp-json\/wp\/v2\/media\/3050"}],"wp:attachment":[{"href":"https:\/\/canex.tech\/fr\/wp-json\/wp\/v2\/media?parent=1495"}],"curies":[{"name":"wp","href":"https:\/\/api.w.org\/{rel}","templated":true}]}}