{"id":2170,"date":"2023-03-13T15:37:27","date_gmt":"2023-03-13T19:37:27","guid":{"rendered":"https:\/\/canex.tech\/privacy-policy\/"},"modified":"2024-09-02T17:53:15","modified_gmt":"2024-09-02T21:53:15","slug":"politica-de-privacidad","status":"publish","type":"page","link":"https:\/\/canex.tech\/es\/politica-de-privacidad\/","title":{"rendered":"Pol\u00edtica de privacidad"},"content":{"rendered":"\t\t<div data-elementor-type=\"wp-page\" data-elementor-id=\"2170\" class=\"elementor elementor-2170 elementor-1996\" data-elementor-post-type=\"page\">\n\t\t\t\t\t\t<section class=\"elementor-section elementor-top-section elementor-element elementor-element-28f308c elementor-section-height-min-height elementor-section-boxed elementor-section-height-default elementor-section-items-middle\" data-id=\"28f308c\" data-element_type=\"section\" data-e-type=\"section\" data-settings=\"{&quot;background_background&quot;:&quot;classic&quot;}\">\n\t\t\t\t\t\t\t<div class=\"elementor-background-overlay\"><\/div>\n\t\t\t\t\t\t\t<div class=\"elementor-container elementor-column-gap-no\">\n\t\t\t\t\t<div class=\"elementor-column elementor-col-100 elementor-top-column elementor-element elementor-element-b4a477c\" data-id=\"b4a477c\" data-element_type=\"column\" data-e-type=\"column\">\n\t\t\t<div class=\"elementor-widget-wrap elementor-element-populated\">\n\t\t\t\t\t\t<section class=\"elementor-section elementor-inner-section elementor-element elementor-element-e826b74 elementor-section-boxed elementor-section-height-default elementor-section-height-default\" data-id=\"e826b74\" data-element_type=\"section\" data-e-type=\"section\" data-settings=\"{&quot;background_background&quot;:&quot;classic&quot;}\">\n\t\t\t\t\t\t<div class=\"elementor-container elementor-column-gap-default\">\n\t\t\t\t\t<div class=\"elementor-column elementor-col-100 elementor-inner-column elementor-element elementor-element-640ce70\" data-id=\"640ce70\" data-element_type=\"column\" data-e-type=\"column\" data-settings=\"{&quot;background_background&quot;:&quot;classic&quot;}\">\n\t\t\t<div class=\"elementor-widget-wrap elementor-element-populated\">\n\t\t\t\t\t\t<div class=\"elementor-element elementor-element-6a3cb3c elementor-widget elementor-widget-heading\" data-id=\"6a3cb3c\" data-element_type=\"widget\" data-e-type=\"widget\" data-widget_type=\"heading.default\">\n\t\t\t\t<div class=\"elementor-widget-container\">\n\t\t\t\t\t<h1 class=\"elementor-heading-title elementor-size-default\">Pol\u00edtica de privacidad<\/h1>\t\t\t\t<\/div>\n\t\t\t\t<\/div>\n\t\t\t\t\t<\/div>\n\t\t<\/div>\n\t\t\t\t\t<\/div>\n\t\t<\/section>\n\t\t\t\t\t<\/div>\n\t\t<\/div>\n\t\t\t\t\t<\/div>\n\t\t<\/section>\n\t\t\t\t<section class=\"elementor-section elementor-top-section elementor-element elementor-element-644f0d70 elementor-section-boxed elementor-section-height-default elementor-section-height-default\" data-id=\"644f0d70\" data-element_type=\"section\" data-e-type=\"section\" data-settings=\"{&quot;background_background&quot;:&quot;gradient&quot;}\">\n\t\t\t\t\t\t<div class=\"elementor-container elementor-column-gap-no\">\n\t\t\t\t\t<div class=\"elementor-column elementor-col-100 elementor-top-column elementor-element elementor-element-695a8e08\" data-id=\"695a8e08\" data-element_type=\"column\" data-e-type=\"column\">\n\t\t\t<div class=\"elementor-widget-wrap elementor-element-populated\">\n\t\t\t\t\t\t<div class=\"elementor-element elementor-element-2913f75 elementor-widget elementor-widget-text-editor\" data-id=\"2913f75\" data-element_type=\"widget\" data-e-type=\"widget\" data-widget_type=\"text-editor.default\">\n\t\t\t\t<div class=\"elementor-widget-container\">\n\t\t\t\t\t\t\t\t\t<p>Can-Ex Technologies, una empresa de Can-Explore, tiene como objetivo proteger la privacidad de la informaci\u00f3n personal de todos sus clientes y empleados en el curso de sus actividades empresariales. La presente pol\u00edtica de privacidad tiene por objeto definir la recopilaci\u00f3n, el uso y la divulgaci\u00f3n de esta informaci\u00f3n.<\/p><h2>Compromiso de confidencialidad<\/h2><p>Can-Ex Technologies trata confidencialmente los datos personales de sus clientes, empleados y solicitantes de empleo. Recopilamos, conservamos y utilizamos \u00fanicamente la informaci\u00f3n necesaria con el \u00fanico fin de proporcionar los productos y servicios requeridos por los clientes y gestionar las necesidades de nuestros empleados y solicitantes de empleo.<\/p><h2>Protecci\u00f3n de la informaci\u00f3n<\/h2><p>Hemos implantado medidas f\u00edsicas, administrativas y t\u00e9cnicas para garantizar la confidencialidad y seguridad de sus datos, protegi\u00e9ndolos contra el acceso no autorizado. La informaci\u00f3n personal que recopilamos se almacena en un entorno seguro. Nuestros empleados respetan estrictamente la confidencialidad de su informaci\u00f3n.<\/p><p>Para garantizar la seguridad de su informaci\u00f3n personal, empleamos las siguientes medidas:<\/p><ul><li>Protocolo SSL (capa de sockets seguros)<\/li><li>Gesti\u00f3n de acceso con autorizaciones espec\u00edficas<\/li><li>Software de supervisi\u00f3n de la red<br \/>Uso de identificadores y contrase\u00f1as seguros<\/li><li>Cortafuegos para mejorar la seguridad<\/li><\/ul><p>Nos comprometemos a mantener un alto nivel de confidencialidad incorporando las \u00faltimas innovaciones tecnol\u00f3gicas para asegurar nuestras operaciones.<\/p><h2>Recogida de datos personales<\/h2><p>Recopilamos diversa informaci\u00f3n personal, como sus datos de contacto (nombre, direcci\u00f3n, correo electr\u00f3nico, n\u00famero de tel\u00e9fono), datos de identificaci\u00f3n y verificaci\u00f3n de antecedentes (copia del pasaporte, permiso de conducir), informaci\u00f3n facilitada por nuestros clientes o en su nombre, informaci\u00f3n relacionada con la facturaci\u00f3n (direcci\u00f3n de facturaci\u00f3n, informaci\u00f3n bancaria, datos de pago), preferencias de comunicaci\u00f3n y marketing, informaci\u00f3n relacionada con el uso de nuestro sitio web (datos estad\u00edsticos, cookies, etc.), informaci\u00f3n relacionada con la contrataci\u00f3n (curr\u00edculum vitae, historial laboral y acad\u00e9mico), informaci\u00f3n hist\u00f3rica (antiguos empleadores, puestos de trabajo) y cualquier otra informaci\u00f3n personal que nos facilite.<\/p><p>Los datos mencionados se recopilan a trav\u00e9s de formularios en l\u00ednea que usted rellena en nuestro sitio web, intercambios de correo electr\u00f3nico, nuestra plataforma de reserva de citas (Microsoft Bookings) o nuestra plataforma de gesti\u00f3n de seminarios web (Microsoft Teams). Posteriormente, estos datos pueden introducirse en nuestras bases de datos de acceso seguro.<\/p><h2>Duraci\u00f3n del almacenamiento de datos personales<\/h2><h3>Clientes<\/h3><p>Conservamos la informaci\u00f3n de contacto de nuestros clientes y los datos relacionados con sus proyectos. La duraci\u00f3n de la conservaci\u00f3n de los datos se determina en funci\u00f3n de la naturaleza de nuestras actividades. En el caso de la gesti\u00f3n de activos de infraestructuras, la conservaci\u00f3n de datos a largo plazo es necesaria para garantizar un seguimiento continuo. Para m\u00e1s informaci\u00f3n sobre el periodo de conservaci\u00f3n de su informaci\u00f3n personal como cliente, puede ponerse en contacto con nuestro Responsable de Privacidad, Antoine Cha\u00een\u00e9, por tel\u00e9fono en el 418 871-0045, extensi\u00f3n 109, o por correo electr\u00f3nico en infos@can-explore.com.<\/p><h3>Solicitantes de empleo<\/h3><p>Conservamos la informaci\u00f3n personal de nuestros solicitantes de empleo durante un periodo de dos a\u00f1os. Durante este tiempo, podemos ponernos en contacto con ellos para posibles oportunidades de empleo que coincidan con su solicitud inicial o para puestos similares que puedan ser de su inter\u00e9s.<\/p><h3>Empleados<\/h3><table><tbody><tr><td width=\"288\"><p><strong>Informaci\u00f3n<\/strong><\/p><\/td><td width=\"288\"><p><strong>Per\u00edodo de conservaci\u00f3n<\/strong><\/p><\/td><\/tr><tr><td width=\"288\"><p>Seguro colectivo<\/p><\/td><td width=\"288\"><p>3 a\u00f1os<\/p><\/td><\/tr><tr><td width=\"288\"><p>File of dismissed employees<\/p><\/td><td width=\"288\"><p>3 a\u00f1os<\/p><\/td><\/tr><tr><td width=\"288\"><p>Expediente m\u00e9dico de un trabajador<\/p><\/td><td width=\"288\"><p>20 a\u00f1os despu\u00e9s del fin de la relaci\u00f3n laboral o 40 a\u00f1os despu\u00e9s del inicio de la relaci\u00f3n laboral, seg\u00fan la mayor duraci\u00f3n, que conserve el Director de Salud P\u00fablica.<\/p><\/td><\/tr><tr><td width=\"288\"><p>Expedientes de siniestro en virtud de la Ley de Seguridad y Seguros en el Trabajo<\/p><\/td><td width=\"288\"><p>20 a\u00f1os despu\u00e9s del cese de la relaci\u00f3n laboral o 40 a\u00f1os despu\u00e9s del inicio de la relaci\u00f3n laboral, en funci\u00f3n de la mayor duraci\u00f3n.<\/p><\/td><\/tr><tr><td width=\"288\"><p>Informaci\u00f3n utilizada para llevar a cabo un programa de igualdad salarial o para evaluar el mantenimiento de la igualdad salarial en la empresa.<\/p><\/td><td width=\"288\"><p>6 a\u00f1os a partir de la fecha de publicaci\u00f3n de los resultados<\/p><\/td><\/tr><tr><td width=\"288\"><p>Formaci\u00f3n<\/p><p>(programas y acuerdos de formaci\u00f3n, facturas y contratos relacionados con la formaci\u00f3n)<\/p><\/td><td width=\"288\"><p>6 a\u00f1os<\/p><\/td><\/tr><tr><td width=\"288\"><p>Registro de puestos de trabajo<\/p><p>(identificaci\u00f3n de contaminantes y materiales peligrosos y sobre el trabajo realizado por cada trabajador en el curso de su empleo)<\/p><\/td><td width=\"288\"><p>20 a\u00f1os despu\u00e9s del fin de la relaci\u00f3n laboral o 40 a\u00f1os despu\u00e9s del inicio de la relaci\u00f3n laboral, seg\u00fan la mayor duraci\u00f3n, que conserve el Director de Salud P\u00fablica.<\/p><\/td><\/tr><tr><td width=\"288\"><p>Comit\u00e9 de Salud y Seguridad (acta)<\/p><\/td><td width=\"288\"><p>5 a\u00f1os<\/p><\/td><\/tr><tr><td width=\"288\"><p>Registros de medidas de muestreo en salud y seguridad en el trabajo<\/p><p>(calidad del aire, aire de suministro, restricciones t\u00e9rmicas, medici\u00f3n del ruido, espacios confinados)<\/p><\/td><td width=\"288\"><p>5 a\u00f1os<\/p><\/td><\/tr><tr><td width=\"288\"><p>Registro de n\u00f3minas y documentos relacionados<\/p><\/td><td width=\"288\"><p>3 a\u00f1os<\/p><\/td><\/tr><tr><td width=\"288\"><p>Registros fiscales y documentos justificativos (libros contables, etc.)<\/p><\/td><td width=\"288\"><p>6 a\u00f1os<\/p><\/td><\/tr><tr><td width=\"288\"><p>Registros de empleo y otros documentos relacionados con las cotizaciones\/deducciones y reclamaciones<\/p><\/td><td width=\"288\"><p>6 a\u00f1os<\/p><\/td><\/tr><tr><td width=\"288\"><p>Pensiones de Quebec (registros de informaci\u00f3n relativa a los cotizantes)<\/p><\/td><td width=\"288\"><p>5 a\u00f1os despu\u00e9s del final del ejercicio fiscal del cese de la relaci\u00f3n laboral<\/p><\/td><\/tr><\/tbody><\/table><h2>Divulgaci\u00f3n a terceros<\/h2><p>No vendemos, comercializamos ni transferimos su informaci\u00f3n personal a terceros. Esto no incluye a terceros de confianza que nos ayudan a operar nuestro sitio web o a llevar a cabo nuestro negocio, siempre y cuando estas partes se comprometan a mantener la confidencialidad de esta informaci\u00f3n.<\/p><h2>Derecho a retirar el consentimiento para la comunicaci\u00f3n o el uso de informaci\u00f3n personal<\/h2><h3>Correos electr\u00f3nicos<\/h3><p>Utilizamos la direcci\u00f3n de correo electr\u00f3nico que nos facilita para enviarle informaci\u00f3n y actualizaciones relacionadas con sus consultas, noticias ocasionales sobre la empresa, informaci\u00f3n sobre servicios o productos relacionados, etc. Si en alg\u00fan momento desea darse de baja y dejar de recibir correos electr\u00f3nicos, en la parte inferior de cada correo encontrar\u00e1 instrucciones detalladas para darse de baja.<\/p><h3>Sitio web &#8211; Cookies<\/h3><p>Para mejorar y optimizar su experiencia de navegaci\u00f3n en nuestras plataformas, utilizamos cookies. Las cookies son peque\u00f1os archivos de texto que se descargan y almacenan en la memoria de su dispositivo cuando visita p\u00e1ginas web. Las cookies utilizadas por nuestra empresa no recopilan informaci\u00f3n personal sobre usted. Puede modificar sus preferencias de consentimiento en cualquier momento haciendo clic en el icono de nuestro gestor de consentimiento, situado en la parte inferior izquierda de nuestro sitio web.<\/p><h3>P\u00e1gina web &#8211; Estad\u00edsticas<\/h3><p>En nuestro sitio web utilizamos herramientas de an\u00e1lisis (como Google Analytics) para recopilar, analizar, medir y comunicar datos sobre las visitas. El objetivo es comprender mejor y optimizar el uso de nuestro sitio web.<\/p><p>Can-Ex Technologies registra informaci\u00f3n como:<\/p><ul><li>El n\u00famero de visitantes<\/li><li>Las p\u00e1ginas m\u00e1s vistas<\/li><li>La tecnolog\u00eda utilizada por los usuarios<\/li><li>Los sitios web de referencia<\/li><li>El pa\u00eds de origen de los usuarios<\/li><\/ul><p>La informaci\u00f3n recopilada por Google Analytics se transfiere a servidores de Google ubicados fuera de Canad\u00e1 y puede ser procesada en pa\u00edses donde Google opera servidores. Estos datos pueden estar sujetos a la legislaci\u00f3n de dichos pa\u00edses. Para obtener m\u00e1s informaci\u00f3n sobre esta herramienta de an\u00e1lisis, le recomendamos que consulte la p\u00e1gina <a href=\"http:\/\/www.google.ca\/analytics\/terms\/us.html\">documentaci\u00f3n disponible<\/a>.<\/p><h2>Derecho de acceso<\/h2><p>Respetamos el derecho de las personas a acceder a la informaci\u00f3n personal que poseemos y a corregirla.<\/p><p>Para ejercer este derecho, dirija su solicitud por escrito a nuestra empresa matriz:<\/p><p>Can-Explore<br \/>290-875, boul. Charest Ouest<br \/>Qu\u00e9bec (Qu\u00e9bec)\u00a0 G1N 2C9<br \/>+1 418 871-0045, extensi\u00f3n 109<br \/><a href=\"mailto:infos@can-explore.com\">infos@can-explore.com<\/a><\/p><h2>Solicitudes y reclamaciones<\/h2><p>Si tiene alguna pregunta, solicitud o queja sobre nuestras pr\u00e1cticas de protecci\u00f3n de datos personales, p\u00f3ngase en contacto con nuestro <strong>responsable de privacidad<\/strong> :<\/p><p>Antoine Cha\u00een\u00e9 <br \/>+1 418 871-0045, extensi\u00f3n 109<br \/><a href=\"mailto:infos@can-explore.com\">infos@can-explore.com<\/a><\/p>\t\t\t\t\t\t\t\t<\/div>\n\t\t\t\t<\/div>\n\t\t\t\t\t<\/div>\n\t\t<\/div>\n\t\t\t\t\t<\/div>\n\t\t<\/section>\n\t\t\t\t<\/div>\n\t\t","protected":false},"excerpt":{"rendered":"<p>Pol\u00edtica de privacidad Can-Ex Technologies, una empresa de Can-Explore, tiene como objetivo proteger la privacidad de la informaci\u00f3n personal de todos sus clientes y empleados en el curso de sus actividades empresariales. La presente pol\u00edtica de privacidad tiene por objeto definir la recopilaci\u00f3n, el uso y la divulgaci\u00f3n de esta informaci\u00f3n. Compromiso de confidencialidad Can-Ex [&hellip;]<\/p>\n","protected":false},"author":2,"featured_media":3051,"parent":0,"menu_order":0,"comment_status":"closed","ping_status":"closed","template":"","meta":{"_acf_changed":false,"site-sidebar-layout":"no-sidebar","site-content-layout":"page-builder","ast-site-content-layout":"full-width-container","site-content-style":"unboxed","site-sidebar-style":"unboxed","ast-global-header-display":"","ast-banner-title-visibility":"","ast-main-header-display":"","ast-hfb-above-header-display":"","ast-hfb-below-header-display":"","ast-hfb-mobile-header-display":"","site-post-title":"disabled","ast-breadcrumbs-content":"","ast-featured-img":"disabled","footer-sml-layout":"","ast-disable-related-posts":"","theme-transparent-header-meta":"default","adv-header-id-meta":"","stick-header-meta":"default","header-above-stick-meta":"","header-main-stick-meta":"","header-below-stick-meta":"","astra-migrate-meta-layouts":"set","ast-page-background-enabled":"default","ast-page-background-meta":{"desktop":{"background-color":"","background-image":"","background-repeat":"repeat","background-position":"center center","background-size":"auto","background-attachment":"scroll","background-type":"","background-media":"","overlay-type":"","overlay-color":"","overlay-opacity":"","overlay-gradient":""},"tablet":{"background-color":"","background-image":"","background-repeat":"repeat","background-position":"center center","background-size":"auto","background-attachment":"scroll","background-type":"","background-media":"","overlay-type":"","overlay-color":"","overlay-opacity":"","overlay-gradient":""},"mobile":{"background-color":"","background-image":"","background-repeat":"repeat","background-position":"center center","background-size":"auto","background-attachment":"scroll","background-type":"","background-media":"","overlay-type":"","overlay-color":"","overlay-opacity":"","overlay-gradient":""}},"ast-content-background-meta":{"desktop":{"background-color":"var(--ast-global-color-5)","background-image":"","background-repeat":"repeat","background-position":"center center","background-size":"auto","background-attachment":"scroll","background-type":"","background-media":"","overlay-type":"","overlay-color":"","overlay-opacity":"","overlay-gradient":""},"tablet":{"background-color":"var(--ast-global-color-5)","background-image":"","background-repeat":"repeat","background-position":"center center","background-size":"auto","background-attachment":"scroll","background-type":"","background-media":"","overlay-type":"","overlay-color":"","overlay-opacity":"","overlay-gradient":""},"mobile":{"background-color":"var(--ast-global-color-5)","background-image":"","background-repeat":"repeat","background-position":"center center","background-size":"auto","background-attachment":"scroll","background-type":"","background-media":"","overlay-type":"","overlay-color":"","overlay-opacity":"","overlay-gradient":""}},"footnotes":""},"class_list":["post-2170","page","type-page","status-publish","has-post-thumbnail","hentry"],"acf":[],"yoast_head":"<!-- This site is optimized with the Yoast SEO Premium plugin v27.5 (Yoast SEO v27.5) - https:\/\/yoast.com\/product\/yoast-seo-premium-wordpress\/ -->\n<title>Pol\u00edtica de privacidad | Can-Ex Technologies<\/title>\n<meta name=\"robots\" content=\"index, follow, max-snippet:-1, max-image-preview:large, max-video-preview:-1\" \/>\n<link rel=\"canonical\" href=\"https:\/\/canex.tech\/es\/politica-de-privacidad\/\" \/>\n<meta property=\"og:locale\" content=\"es_ES\" \/>\n<meta property=\"og:type\" content=\"article\" \/>\n<meta property=\"og:title\" content=\"Pol\u00edtica de privacidad\" \/>\n<meta property=\"og:description\" content=\"Pol\u00edtica de privacidad Can-Ex Technologies, una empresa de Can-Explore, tiene como objetivo proteger la privacidad de la informaci\u00f3n personal de todos sus clientes y empleados en el curso de sus actividades empresariales. La presente pol\u00edtica de privacidad tiene por objeto definir la recopilaci\u00f3n, el uso y la divulgaci\u00f3n de esta informaci\u00f3n. Compromiso de confidencialidad Can-Ex [&hellip;]\" \/>\n<meta property=\"og:url\" content=\"https:\/\/canex.tech\/es\/politica-de-privacidad\/\" \/>\n<meta property=\"og:site_name\" content=\"Can-Ex Technologies\" \/>\n<meta property=\"article:modified_time\" content=\"2024-09-02T21:53:15+00:00\" \/>\n<meta property=\"og:image\" content=\"https:\/\/canex.tech\/wp-content\/uploads\/2023\/01\/328-canex-tech-image-vedette.png\" \/>\n\t<meta property=\"og:image:width\" content=\"1200\" \/>\n\t<meta property=\"og:image:height\" content=\"628\" \/>\n\t<meta property=\"og:image:type\" content=\"image\/png\" \/>\n<meta name=\"twitter:card\" content=\"summary_large_image\" \/>\n<meta name=\"twitter:label1\" content=\"Tiempo de lectura\" \/>\n\t<meta name=\"twitter:data1\" content=\"6 minutos\" \/>\n<script type=\"application\/ld+json\" class=\"yoast-schema-graph\">{\"@context\":\"https:\\\/\\\/schema.org\",\"@graph\":[{\"@type\":\"WebPage\",\"@id\":\"https:\\\/\\\/canex.tech\\\/es\\\/politica-de-privacidad\\\/\",\"url\":\"https:\\\/\\\/canex.tech\\\/es\\\/politica-de-privacidad\\\/\",\"name\":\"Pol\u00edtica de privacidad | Can-Ex Technologies\",\"isPartOf\":{\"@id\":\"https:\\\/\\\/canex.tech\\\/es\\\/#website\"},\"primaryImageOfPage\":{\"@id\":\"https:\\\/\\\/canex.tech\\\/es\\\/politica-de-privacidad\\\/#primaryimage\"},\"image\":{\"@id\":\"https:\\\/\\\/canex.tech\\\/es\\\/politica-de-privacidad\\\/#primaryimage\"},\"thumbnailUrl\":\"https:\\\/\\\/canex.tech\\\/wp-content\\\/uploads\\\/2025\\\/08\\\/canex-tech-about.jpg\",\"datePublished\":\"2023-03-13T19:37:27+00:00\",\"dateModified\":\"2024-09-02T21:53:15+00:00\",\"breadcrumb\":{\"@id\":\"https:\\\/\\\/canex.tech\\\/es\\\/politica-de-privacidad\\\/#breadcrumb\"},\"inLanguage\":\"es\",\"potentialAction\":[{\"@type\":\"ReadAction\",\"target\":[\"https:\\\/\\\/canex.tech\\\/es\\\/politica-de-privacidad\\\/\"]}]},{\"@type\":\"ImageObject\",\"inLanguage\":\"es\",\"@id\":\"https:\\\/\\\/canex.tech\\\/es\\\/politica-de-privacidad\\\/#primaryimage\",\"url\":\"https:\\\/\\\/canex.tech\\\/wp-content\\\/uploads\\\/2025\\\/08\\\/canex-tech-about.jpg\",\"contentUrl\":\"https:\\\/\\\/canex.tech\\\/wp-content\\\/uploads\\\/2025\\\/08\\\/canex-tech-about.jpg\",\"width\":1200,\"height\":628},{\"@type\":\"BreadcrumbList\",\"@id\":\"https:\\\/\\\/canex.tech\\\/es\\\/politica-de-privacidad\\\/#breadcrumb\",\"itemListElement\":[{\"@type\":\"ListItem\",\"position\":1,\"name\":\"Home\",\"item\":\"https:\\\/\\\/canex.tech\\\/es\\\/\"},{\"@type\":\"ListItem\",\"position\":2,\"name\":\"Pol\u00edtica de privacidad\"}]},{\"@type\":\"WebSite\",\"@id\":\"https:\\\/\\\/canex.tech\\\/es\\\/#website\",\"url\":\"https:\\\/\\\/canex.tech\\\/es\\\/\",\"name\":\"Can-Ex Technologies\",\"description\":\"\",\"publisher\":{\"@id\":\"https:\\\/\\\/canex.tech\\\/es\\\/#organization\"},\"potentialAction\":[{\"@type\":\"SearchAction\",\"target\":{\"@type\":\"EntryPoint\",\"urlTemplate\":\"https:\\\/\\\/canex.tech\\\/es\\\/?s={search_term_string}\"},\"query-input\":{\"@type\":\"PropertyValueSpecification\",\"valueRequired\":true,\"valueName\":\"search_term_string\"}}],\"inLanguage\":\"es\"},{\"@type\":\"Organization\",\"@id\":\"https:\\\/\\\/canex.tech\\\/es\\\/#organization\",\"name\":\"Can-Ex Technologies\",\"url\":\"https:\\\/\\\/canex.tech\\\/es\\\/\",\"logo\":{\"@type\":\"ImageObject\",\"inLanguage\":\"es\",\"@id\":\"https:\\\/\\\/canex.tech\\\/es\\\/#\\\/schema\\\/logo\\\/image\\\/\",\"url\":\"https:\\\/\\\/canex.tech\\\/wp-content\\\/uploads\\\/2023\\\/01\\\/1-logo-header.svg\",\"contentUrl\":\"https:\\\/\\\/canex.tech\\\/wp-content\\\/uploads\\\/2023\\\/01\\\/1-logo-header.svg\",\"caption\":\"Can-Ex Technologies\"},\"image\":{\"@id\":\"https:\\\/\\\/canex.tech\\\/es\\\/#\\\/schema\\\/logo\\\/image\\\/\"}}]}<\/script>\n<!-- \/ Yoast SEO Premium plugin. -->","yoast_head_json":{"title":"Pol\u00edtica de privacidad | Can-Ex Technologies","robots":{"index":"index","follow":"follow","max-snippet":"max-snippet:-1","max-image-preview":"max-image-preview:large","max-video-preview":"max-video-preview:-1"},"canonical":"https:\/\/canex.tech\/es\/politica-de-privacidad\/","og_locale":"es_ES","og_type":"article","og_title":"Pol\u00edtica de privacidad","og_description":"Pol\u00edtica de privacidad Can-Ex Technologies, una empresa de Can-Explore, tiene como objetivo proteger la privacidad de la informaci\u00f3n personal de todos sus clientes y empleados en el curso de sus actividades empresariales. La presente pol\u00edtica de privacidad tiene por objeto definir la recopilaci\u00f3n, el uso y la divulgaci\u00f3n de esta informaci\u00f3n. Compromiso de confidencialidad Can-Ex [&hellip;]","og_url":"https:\/\/canex.tech\/es\/politica-de-privacidad\/","og_site_name":"Can-Ex Technologies","article_modified_time":"2024-09-02T21:53:15+00:00","og_image":[{"width":1200,"height":628,"url":"https:\/\/canex.tech\/wp-content\/uploads\/2023\/01\/328-canex-tech-image-vedette.png","type":"image\/png"}],"twitter_card":"summary_large_image","twitter_misc":{"Tiempo de lectura":"6 minutos"},"schema":{"@context":"https:\/\/schema.org","@graph":[{"@type":"WebPage","@id":"https:\/\/canex.tech\/es\/politica-de-privacidad\/","url":"https:\/\/canex.tech\/es\/politica-de-privacidad\/","name":"Pol\u00edtica de privacidad | Can-Ex Technologies","isPartOf":{"@id":"https:\/\/canex.tech\/es\/#website"},"primaryImageOfPage":{"@id":"https:\/\/canex.tech\/es\/politica-de-privacidad\/#primaryimage"},"image":{"@id":"https:\/\/canex.tech\/es\/politica-de-privacidad\/#primaryimage"},"thumbnailUrl":"https:\/\/canex.tech\/wp-content\/uploads\/2025\/08\/canex-tech-about.jpg","datePublished":"2023-03-13T19:37:27+00:00","dateModified":"2024-09-02T21:53:15+00:00","breadcrumb":{"@id":"https:\/\/canex.tech\/es\/politica-de-privacidad\/#breadcrumb"},"inLanguage":"es","potentialAction":[{"@type":"ReadAction","target":["https:\/\/canex.tech\/es\/politica-de-privacidad\/"]}]},{"@type":"ImageObject","inLanguage":"es","@id":"https:\/\/canex.tech\/es\/politica-de-privacidad\/#primaryimage","url":"https:\/\/canex.tech\/wp-content\/uploads\/2025\/08\/canex-tech-about.jpg","contentUrl":"https:\/\/canex.tech\/wp-content\/uploads\/2025\/08\/canex-tech-about.jpg","width":1200,"height":628},{"@type":"BreadcrumbList","@id":"https:\/\/canex.tech\/es\/politica-de-privacidad\/#breadcrumb","itemListElement":[{"@type":"ListItem","position":1,"name":"Home","item":"https:\/\/canex.tech\/es\/"},{"@type":"ListItem","position":2,"name":"Pol\u00edtica de privacidad"}]},{"@type":"WebSite","@id":"https:\/\/canex.tech\/es\/#website","url":"https:\/\/canex.tech\/es\/","name":"Can-Ex Technologies","description":"","publisher":{"@id":"https:\/\/canex.tech\/es\/#organization"},"potentialAction":[{"@type":"SearchAction","target":{"@type":"EntryPoint","urlTemplate":"https:\/\/canex.tech\/es\/?s={search_term_string}"},"query-input":{"@type":"PropertyValueSpecification","valueRequired":true,"valueName":"search_term_string"}}],"inLanguage":"es"},{"@type":"Organization","@id":"https:\/\/canex.tech\/es\/#organization","name":"Can-Ex Technologies","url":"https:\/\/canex.tech\/es\/","logo":{"@type":"ImageObject","inLanguage":"es","@id":"https:\/\/canex.tech\/es\/#\/schema\/logo\/image\/","url":"https:\/\/canex.tech\/wp-content\/uploads\/2023\/01\/1-logo-header.svg","contentUrl":"https:\/\/canex.tech\/wp-content\/uploads\/2023\/01\/1-logo-header.svg","caption":"Can-Ex Technologies"},"image":{"@id":"https:\/\/canex.tech\/es\/#\/schema\/logo\/image\/"}}]}},"_links":{"self":[{"href":"https:\/\/canex.tech\/es\/wp-json\/wp\/v2\/pages\/2170","targetHints":{"allow":["GET"]}}],"collection":[{"href":"https:\/\/canex.tech\/es\/wp-json\/wp\/v2\/pages"}],"about":[{"href":"https:\/\/canex.tech\/es\/wp-json\/wp\/v2\/types\/page"}],"author":[{"embeddable":true,"href":"https:\/\/canex.tech\/es\/wp-json\/wp\/v2\/users\/2"}],"replies":[{"embeddable":true,"href":"https:\/\/canex.tech\/es\/wp-json\/wp\/v2\/comments?post=2170"}],"version-history":[{"count":0,"href":"https:\/\/canex.tech\/es\/wp-json\/wp\/v2\/pages\/2170\/revisions"}],"wp:featuredmedia":[{"embeddable":true,"href":"https:\/\/canex.tech\/es\/wp-json\/wp\/v2\/media\/3051"}],"wp:attachment":[{"href":"https:\/\/canex.tech\/es\/wp-json\/wp\/v2\/media?parent=2170"}],"curies":[{"name":"wp","href":"https:\/\/api.w.org\/{rel}","templated":true}]}}