{"id":2157,"date":"2020-02-11T14:26:02","date_gmt":"2020-02-11T19:26:02","guid":{"rendered":"https:\/\/canex.tech\/contact\/"},"modified":"2024-09-02T17:37:34","modified_gmt":"2024-09-02T21:37:34","slug":"pongase-en-contacto-con","status":"publish","type":"page","link":"https:\/\/canex.tech\/es\/pongase-en-contacto-con\/","title":{"rendered":"Cont\u00e1ctanos"},"content":{"rendered":"\t\t<div data-elementor-type=\"wp-page\" data-elementor-id=\"2157\" class=\"elementor elementor-2157 elementor-25\" data-elementor-post-type=\"page\">\n\t\t\t\t\t\t<section class=\"elementor-section elementor-top-section elementor-element elementor-element-9ef06e7 elementor-section-boxed elementor-section-height-default elementor-section-height-default\" data-id=\"9ef06e7\" data-element_type=\"section\" data-e-type=\"section\" data-settings=\"{&quot;background_background&quot;:&quot;gradient&quot;}\">\n\t\t\t\t\t\t\t<div class=\"elementor-background-overlay\"><\/div>\n\t\t\t\t\t\t\t<div class=\"elementor-container elementor-column-gap-no\">\n\t\t\t\t\t<div class=\"elementor-column elementor-col-100 elementor-top-column elementor-element elementor-element-ba9f7d4\" data-id=\"ba9f7d4\" data-element_type=\"column\" data-e-type=\"column\">\n\t\t\t<div class=\"elementor-widget-wrap elementor-element-populated\">\n\t\t\t\t\t\t<section class=\"elementor-section elementor-inner-section elementor-element elementor-element-d02ca92 elementor-section-boxed elementor-section-height-default elementor-section-height-default\" data-id=\"d02ca92\" data-element_type=\"section\" data-e-type=\"section\">\n\t\t\t\t\t\t<div class=\"elementor-container elementor-column-gap-default\">\n\t\t\t\t\t<div class=\"elementor-column elementor-col-100 elementor-inner-column elementor-element elementor-element-c9e3eb6\" data-id=\"c9e3eb6\" data-element_type=\"column\" data-e-type=\"column\">\n\t\t\t<div class=\"elementor-widget-wrap elementor-element-populated\">\n\t\t\t\t\t\t<div class=\"elementor-element elementor-element-93ed7fd elementor-widget elementor-widget-heading\" data-id=\"93ed7fd\" data-element_type=\"widget\" data-e-type=\"widget\" data-widget_type=\"heading.default\">\n\t\t\t\t<div class=\"elementor-widget-container\">\n\t\t\t\t\t<h1 class=\"elementor-heading-title elementor-size-default\">Con\u00e9ctate con un experto<\/h1>\t\t\t\t<\/div>\n\t\t\t\t<\/div>\n\t\t\t\t<div class=\"elementor-element elementor-element-f1a5565 elementor-widget elementor-widget-text-editor\" data-id=\"f1a5565\" data-element_type=\"widget\" data-e-type=\"widget\" data-widget_type=\"text-editor.default\">\n\t\t\t\t<div class=\"elementor-widget-container\">\n\t\t\t\t\t\t\t\t\t<p style=\"text-align: center;\"><span style=\"font-size: 18pt;\"><a href=\"tel:18668589703\">1 866 858-9703<\/a><\/span><\/p>\t\t\t\t\t\t\t\t<\/div>\n\t\t\t\t<\/div>\n\t\t\t\t\t<\/div>\n\t\t<\/div>\n\t\t\t\t\t<\/div>\n\t\t<\/section>\n\t\t\t\t<section class=\"elementor-section elementor-inner-section elementor-element elementor-element-2bad3a9 elementor-section-boxed elementor-section-height-default elementor-section-height-default\" data-id=\"2bad3a9\" data-element_type=\"section\" data-e-type=\"section\">\n\t\t\t\t\t\t<div class=\"elementor-container elementor-column-gap-default\">\n\t\t\t\t\t<div class=\"elementor-column elementor-col-100 elementor-inner-column elementor-element elementor-element-6802e61\" data-id=\"6802e61\" data-element_type=\"column\" data-e-type=\"column\">\n\t\t\t<div class=\"elementor-widget-wrap elementor-element-populated\">\n\t\t\t\t\t\t<div class=\"elementor-element elementor-element-13203ed elementor-widget elementor-widget-heading\" data-id=\"13203ed\" data-element_type=\"widget\" data-e-type=\"widget\" data-widget_type=\"heading.default\">\n\t\t\t\t<div class=\"elementor-widget-container\">\n\t\t\t\t\t<h3 class=\"elementor-heading-title elementor-size-default\">\u00bfTienes preguntas? Puedes contar con nuestro equipo para ayudarte.<\/h3>\t\t\t\t<\/div>\n\t\t\t\t<\/div>\n\t\t\t\t<div class=\"elementor-element elementor-element-c3bd0a2 elementor-widget elementor-widget-text-editor\" data-id=\"c3bd0a2\" data-element_type=\"widget\" data-e-type=\"widget\" data-widget_type=\"text-editor.default\">\n\t\t\t\t<div class=\"elementor-widget-container\">\n\t\t\t\t\t\t\t\t\t<p style=\"text-align: center;\">\u00bfInformaci\u00f3n sobre nuestros productos, demostraciones o respuestas a tus preguntas? Llena este formulario para encontrar todo lo que necesitas, \u00a1y m\u00e1s!<\/p>\t\t\t\t\t\t\t\t<\/div>\n\t\t\t\t<\/div>\n\t\t\t\t\t<\/div>\n\t\t<\/div>\n\t\t\t\t\t<\/div>\n\t\t<\/section>\n\t\t\t\t<div class=\"elementor-element elementor-element-8082ffa elementor-widget elementor-widget-formidable\" data-id=\"8082ffa\" data-element_type=\"widget\" data-e-type=\"widget\" data-widget_type=\"formidable.default\">\n\t\t\t\t<div class=\"elementor-widget-container\">\n\t\t\t\t\t<link rel='stylesheet' id='formidable-css' href='https:\/\/canex.tech\/wp-content\/plugins\/formidable\/css\/formidableforms.css?ver=3161701' media='all' \/>\n<div class=\"frm_forms  with_frm_style frm_style_formidable-style\" id=\"frm_form_21_container\" data-token=\"b32761d568558370b30d7d7968c9c631\">\n<form enctype=\"multipart\/form-data\" method=\"post\" class=\"frm-show-form btn-right frm_js_validate  frm_ajax_submit  frm_pro_form \" id=\"form_contact-form244\" data-token=\"b32761d568558370b30d7d7968c9c631\">\n<div class=\"frm_form_fields \">\n<fieldset>\n<legend class=\"frm_screen_reader\">Contact ES - P\u00f3ngase en contacto con nosotros<\/legend>\r\n\r\n<div class=\"frm_fields_container\">\n<input type=\"hidden\" name=\"frm_action\" value=\"create\" \/>\n<input type=\"hidden\" name=\"form_id\" value=\"21\" \/>\n<input type=\"hidden\" name=\"frm_hide_fields_21\" id=\"frm_hide_fields_21\" value=\"\" \/>\n<input type=\"hidden\" name=\"form_key\" value=\"contact-form244\" \/>\n<input type=\"hidden\" name=\"item_meta[0]\" value=\"\" \/>\n<input type=\"hidden\" id=\"frm_submit_entry_21\" name=\"frm_submit_entry_21\" value=\"cd21a28e27\" \/><input type=\"hidden\" name=\"_wp_http_referer\" value=\"\/es\/wp-json\/wp\/v2\/pages\/2157\" \/><div id=\"frm_field_153_container\" class=\"frm_form_field form-field  frm_required_field frm_none_container\">\r\n    <label for=\"field_qh4icy35\" class=\"frm_primary_label\">Nombre\r\n        <span class=\"frm_required\"><\/span>\r\n    <\/label>\r\n    <input  type=\"text\" id=\"field_qh4icy35\" name=\"item_meta[153]\" value=\"\"  placeholder=\"Nombre*\" data-reqmsg=\"Este campo no puede estar vac\u00edo\" aria-required=\"true\" data-invmsg=\"Name est non valide\" aria-invalid=\"false\"   \/>\r\n    \r\n    \r\n<\/div>\n<div id=\"frm_field_154_container\" class=\"frm_form_field form-field  frm_required_field frm_none_container\">\r\n    <label for=\"field_ocfup135\" class=\"frm_primary_label\">Apellido\r\n        <span class=\"frm_required\"><\/span>\r\n    <\/label>\r\n    <input  type=\"text\" id=\"field_ocfup135\" name=\"item_meta[154]\" value=\"\"  placeholder=\"Apellido*\" data-reqmsg=\"Este campo no puede estar vac\u00edo\" aria-required=\"true\" data-invmsg=\"Last est non valide\" aria-invalid=\"false\"   \/>\r\n    \r\n    \r\n<\/div>\n<div id=\"frm_field_155_container\" class=\"frm_form_field form-field  frm_required_field frm_none_container frm6 frm_first\">\r\n    <label for=\"field_5wc5n55\" class=\"frm_primary_label\">Tel\u00e9fono\r\n        <span class=\"frm_required\"><\/span>\r\n    <\/label>\r\n    <input  type=\"text\" id=\"field_5wc5n55\" name=\"item_meta[155]\" value=\"\"  placeholder=\"Tel\u00e9fono*\" data-reqmsg=\"Este campo no puede estar vac\u00edo\" aria-required=\"true\" data-invmsg=\"Name est non valide\" aria-invalid=\"false\"   \/>\r\n    \r\n    \r\n<\/div>\n<div id=\"frm_field_156_container\" class=\"frm_form_field form-field  frm_required_field frm_none_container frm6\">\r\n    <label for=\"field_29yf4d35\" class=\"frm_primary_label\">Correo electr\u00f3nico\r\n        <span class=\"frm_required\"><\/span>\r\n    <\/label>\r\n    <input type=\"email\" id=\"field_29yf4d35\" name=\"item_meta[156]\" value=\"\"  placeholder=\"Correo electr\u00f3nico*\" data-reqmsg=\"Este campo no puede estar vac\u00edo\" aria-required=\"true\" data-invmsg=\"Introduzca una direcci\u00f3n de correo electr\u00f3nico v\u00e1lida\" aria-invalid=\"false\"  \/>\r\n    \r\n    \r\n<\/div>\n<div id=\"frm_field_157_container\" class=\"frm_form_field form-field  frm_none_container\">\r\n    <label for=\"field_lrc7p55\" class=\"frm_primary_label\">Organizaci\u00f3n\r\n        <span class=\"frm_required\"><\/span>\r\n    <\/label>\r\n    <input  type=\"text\" id=\"field_lrc7p55\" name=\"item_meta[157]\" value=\"\"  placeholder=\"Organizaci\u00f3n\" data-invmsg=\"Last est non valide\" aria-invalid=\"false\"   \/>\r\n    \r\n    \r\n<\/div>\n<div id=\"frm_field_158_container\" class=\"frm_form_field form-field  frm_none_container\">\r\n    <label for=\"field_mvc2o5\" id=\"field_mvc2o5_label\" class=\"frm_primary_label\">Pa\u00eds\r\n        <span class=\"frm_required\" aria-hidden=\"true\"><\/span>\r\n    <\/label>\r\n    <input  type=\"text\" id=\"field_mvc2o5\" name=\"item_meta[158]\" value=\"\"  placeholder=\"Pa\u00eds\" data-invmsg=\"Text is invalid\" aria-invalid=\"false\"   \/>\r\n    \r\n    \r\n<\/div>\n<div id=\"frm_field_159_container\" class=\"frm_form_field form-field  frm_none_container\">\r\n    <label for=\"field_wgnky\" id=\"field_wgnky_label\" class=\"frm_primary_label\">\u00bfPor qu\u00e9 se pone en contacto con nosotros ?\r\n        <span class=\"frm_required\" aria-hidden=\"true\"><\/span>\r\n    <\/label>\r\n    \t\t<select name=\"item_meta[159]\" id=\"field_wgnky\"  data-placeholder=\"\u00bfPor qu\u00e9 se pone en contacto con nosotros ?\"  placeholder=\"\u00bfPor qu\u00e9 se pone en contacto con nosotros ?\" data-invmsg=\"\u00bfPor qu\u00e9 se pone en contacto con nosotros ? no es v\u00e1lido\" aria-invalid=\"false\"  >\n\t\t<option  class=\"frm-select-placeholder\" value=\"\" data-placeholder=\"true\">\u00bfPor qu\u00e9 se pone en contacto con nosotros ?<\/option><option  value=\"ZIPCAM 360\">ZIPCAM 360<\/option><option  value=\"AN\u00c1LISIS\">AN\u00c1LISIS<\/option><option  value=\"Servicios\">Servicios<\/option><option  value=\"Pregunta general\">Pregunta general<\/option>\t<\/select>\n\t\r\n    \r\n    \r\n<\/div>\n<div id=\"frm_field_160_container\" class=\"frm_form_field form-field  frm_none_container frm_full\">\r\n    <label for=\"field_9jv0r12\" class=\"frm_primary_label\">Mensaje\r\n        <span class=\"frm_required\"><\/span>\r\n    <\/label>\r\n    <textarea name=\"item_meta[160]\" id=\"field_9jv0r12\" rows=\"5\"  placeholder=\"Mensaje\" data-invmsg=\"El mensaje no es v\u00e1lido\" aria-invalid=\"false\"  ><\/textarea>\r\n    \r\n    \r\n<\/div>\n<div id=\"frm_field_161_container\" class=\"frm_form_field form-field  frm_none_container\">\r\n    <label for=\"g-recaptcha-response\" id=\"field_hf1c85_label\" class=\"frm_primary_label\">CAPTCHA\r\n        <span class=\"frm_required\" aria-hidden=\"true\"><\/span>\r\n    <\/label>\r\n    <div  id=\"field_hf1c85\" class=\"frm-g-recaptcha\" data-sitekey=\"6LfY1gclAAAAAOBB-iTL5oCkKeSvOJ1jFfIiBsmx\" data-size=\"normal\" data-theme=\"light\"><\/div>\r\n    \r\n    \r\n<\/div>\n<div id=\"frm_field_162_container\" class=\"frm_form_field form-field \">\r\n\t<div class=\"frm_submit  frm_first frm_third\">\r\n\r\n<button class=\"btn frm_button_submit frm_final_submit\" type=\"submit\"   formnovalidate=\"formnovalidate\">Enviar <span class=\"btn-submit-icon\">><\/span><\/button>\r\n\r\n<\/div>\r\n<\/div>\n\t<input type=\"hidden\" name=\"item_key\" value=\"\" \/>\n\t\t\t<div id=\"frm_field_221_container\">\n\t\t\t<label for=\"field_x1uhz\" >\n\t\t\t\tSi eres humano, deja este campo en blanco.\t\t\t<\/label>\n\t\t\t<input  id=\"field_x1uhz\" type=\"text\" class=\"frm_form_field form-field frm_verify\" name=\"item_meta[221]\" value=\"\"  \/>\n\t\t<\/div>\n\t\t<input name=\"frm_state\" type=\"hidden\" value=\"jnAOxU1o+C9xKOBgM4ROMQedF12gKhQYYB6UFAsFUM0EmSVyI4hroip5NmDFqVt3\" \/><\/div>\n<\/fieldset>\n<\/div>\n\n<\/form>\n<\/div>\n\t\t\t\t<\/div>\n\t\t\t\t<\/div>\n\t\t\t\t\t<\/div>\n\t\t<\/div>\n\t\t\t\t\t<\/div>\n\t\t<\/section>\n\t\t\t\t<section class=\"elementor-section elementor-top-section elementor-element elementor-element-0e2c6e1 elementor-section-boxed elementor-section-height-default elementor-section-height-default\" data-id=\"0e2c6e1\" data-element_type=\"section\" data-e-type=\"section\" data-settings=\"{&quot;background_background&quot;:&quot;classic&quot;}\">\n\t\t\t\t\t\t\t<div class=\"elementor-background-overlay\"><\/div>\n\t\t\t\t\t\t\t<div class=\"elementor-container elementor-column-gap-no\">\n\t\t\t\t\t<div class=\"elementor-column elementor-col-100 elementor-top-column elementor-element elementor-element-46fed6b\" data-id=\"46fed6b\" data-element_type=\"column\" data-e-type=\"column\">\n\t\t\t<div class=\"elementor-widget-wrap elementor-element-populated\">\n\t\t\t\t\t\t<div class=\"elementor-element elementor-element-77e39a7 elementor-widget elementor-widget-heading\" data-id=\"77e39a7\" data-element_type=\"widget\" data-e-type=\"widget\" data-widget_type=\"heading.default\">\n\t\t\t\t<div class=\"elementor-widget-container\">\n\t\t\t\t\t<h2 class=\"elementor-heading-title elementor-size-default\">\u00bfHas consultado nuestra secci\u00f3n de Preguntas Frecuentes? Encontrar\u00e1s informaci\u00f3n valiosa para tus necesidades.<\/h2>\t\t\t\t<\/div>\n\t\t\t\t<\/div>\n\t\t\t\t<div class=\"elementor-element elementor-element-5c3603c elementor-align-left elementor-widget elementor-widget-button\" data-id=\"5c3603c\" data-element_type=\"widget\" data-e-type=\"widget\" data-widget_type=\"button.default\">\n\t\t\t\t<div class=\"elementor-widget-container\">\n\t\t\t\t\t\t\t\t\t<div class=\"elementor-button-wrapper\">\n\t\t\t\t\t<a class=\"elementor-button elementor-button-link elementor-size-sm\" href=\"\/es\/preguntas-frecuentes\/\">\n\t\t\t\t\t\t<span class=\"elementor-button-content-wrapper\">\n\t\t\t\t\t\t\t\t\t<span class=\"elementor-button-text\">Consultar las preguntas frecuentes<\/span>\n\t\t\t\t\t<\/span>\n\t\t\t\t\t<\/a>\n\t\t\t\t<\/div>\n\t\t\t\t\t\t\t\t<\/div>\n\t\t\t\t<\/div>\n\t\t\t\t\t<\/div>\n\t\t<\/div>\n\t\t\t\t\t<\/div>\n\t\t<\/section>\n\t\t\t\t<\/div>\n\t\t","protected":false},"excerpt":{"rendered":"<p>Con\u00e9ctate con un experto 1 866 858-9703 \u00bfTienes preguntas? Puedes contar con nuestro equipo para ayudarte. \u00bfInformaci\u00f3n sobre nuestros productos, demostraciones o respuestas a tus preguntas? Llena este formulario para encontrar todo lo que necesitas, \u00a1y m\u00e1s! Contact ES &#8211; P\u00f3ngase en contacto con nosotros Nombre Apellido Tel\u00e9fono Correo electr\u00f3nico Organizaci\u00f3n Pa\u00eds \u00bfPor qu\u00e9 se [&hellip;]<\/p>\n","protected":false},"author":2,"featured_media":3051,"parent":0,"menu_order":0,"comment_status":"closed","ping_status":"closed","template":"","meta":{"_acf_changed":false,"site-sidebar-layout":"default","site-content-layout":"default","ast-site-content-layout":"default","site-content-style":"default","site-sidebar-style":"default","ast-global-header-display":"","ast-banner-title-visibility":"","ast-main-header-display":"","ast-hfb-above-header-display":"","ast-hfb-below-header-display":"","ast-hfb-mobile-header-display":"","site-post-title":"disabled","ast-breadcrumbs-content":"","ast-featured-img":"disabled","footer-sml-layout":"","ast-disable-related-posts":"","theme-transparent-header-meta":"default","adv-header-id-meta":"","stick-header-meta":"default","header-above-stick-meta":"","header-main-stick-meta":"","header-below-stick-meta":"","astra-migrate-meta-layouts":"set","ast-page-background-enabled":"default","ast-page-background-meta":{"desktop":{"background-color":"","background-image":"","background-repeat":"repeat","background-position":"center center","background-size":"auto","background-attachment":"scroll","background-type":"","background-media":"","overlay-type":"","overlay-color":"","overlay-opacity":"","overlay-gradient":""},"tablet":{"background-color":"","background-image":"","background-repeat":"repeat","background-position":"center center","background-size":"auto","background-attachment":"scroll","background-type":"","background-media":"","overlay-type":"","overlay-color":"","overlay-opacity":"","overlay-gradient":""},"mobile":{"background-color":"","background-image":"","background-repeat":"repeat","background-position":"center center","background-size":"auto","background-attachment":"scroll","background-type":"","background-media":"","overlay-type":"","overlay-color":"","overlay-opacity":"","overlay-gradient":""}},"ast-content-background-meta":{"desktop":{"background-color":"var(--ast-global-color-5)","background-image":"","background-repeat":"repeat","background-position":"center center","background-size":"auto","background-attachment":"scroll","background-type":"","background-media":"","overlay-type":"","overlay-color":"","overlay-opacity":"","overlay-gradient":""},"tablet":{"background-color":"var(--ast-global-color-5)","background-image":"","background-repeat":"repeat","background-position":"center center","background-size":"auto","background-attachment":"scroll","background-type":"","background-media":"","overlay-type":"","overlay-color":"","overlay-opacity":"","overlay-gradient":""},"mobile":{"background-color":"var(--ast-global-color-5)","background-image":"","background-repeat":"repeat","background-position":"center center","background-size":"auto","background-attachment":"scroll","background-type":"","background-media":"","overlay-type":"","overlay-color":"","overlay-opacity":"","overlay-gradient":""}},"footnotes":""},"class_list":["post-2157","page","type-page","status-publish","has-post-thumbnail","hentry"],"acf":[],"yoast_head":"<!-- This site is optimized with the Yoast SEO Premium plugin v27.4 (Yoast SEO v27.4) - https:\/\/yoast.com\/product\/yoast-seo-premium-wordpress\/ -->\n<title>Cont\u00e1ctanos | Can-Ex Technologies<\/title>\n<meta name=\"description\" content=\"Contacta a nuestro equipo de expertos para saber m\u00e1s sobre nuestra oferta y encontrar respuestas a tus preguntas m\u00e1s importantes.\" \/>\n<meta name=\"robots\" content=\"index, follow, max-snippet:-1, max-image-preview:large, max-video-preview:-1\" \/>\n<link rel=\"canonical\" href=\"https:\/\/canex.tech\/es\/pongase-en-contacto-con\/\" \/>\n<meta property=\"og:locale\" content=\"es_ES\" \/>\n<meta property=\"og:type\" content=\"article\" \/>\n<meta property=\"og:title\" content=\"Cont\u00e1ctanos\" \/>\n<meta property=\"og:description\" content=\"Contacta a nuestro equipo de expertos para saber m\u00e1s sobre nuestra oferta y encontrar respuestas a tus preguntas m\u00e1s importantes.\" \/>\n<meta property=\"og:url\" content=\"https:\/\/canex.tech\/es\/pongase-en-contacto-con\/\" \/>\n<meta property=\"og:site_name\" content=\"Can-Ex Technologies\" \/>\n<meta property=\"article:modified_time\" content=\"2024-09-02T21:37:34+00:00\" \/>\n<meta property=\"og:image\" content=\"https:\/\/canex.tech\/wp-content\/uploads\/2023\/01\/328-canex-tech-image-vedette.png\" \/>\n\t<meta property=\"og:image:width\" content=\"1200\" \/>\n\t<meta property=\"og:image:height\" content=\"628\" \/>\n\t<meta property=\"og:image:type\" content=\"image\/png\" \/>\n<meta name=\"twitter:card\" content=\"summary_large_image\" \/>\n<meta name=\"twitter:label1\" content=\"Tiempo de lectura\" \/>\n\t<meta name=\"twitter:data1\" content=\"1 minuto\" \/>\n<script type=\"application\/ld+json\" class=\"yoast-schema-graph\">{\"@context\":\"https:\\\/\\\/schema.org\",\"@graph\":[{\"@type\":\"WebPage\",\"@id\":\"https:\\\/\\\/canex.tech\\\/es\\\/pongase-en-contacto-con\\\/\",\"url\":\"https:\\\/\\\/canex.tech\\\/es\\\/pongase-en-contacto-con\\\/\",\"name\":\"Cont\u00e1ctanos | Can-Ex Technologies\",\"isPartOf\":{\"@id\":\"https:\\\/\\\/canex.tech\\\/es\\\/#website\"},\"primaryImageOfPage\":{\"@id\":\"https:\\\/\\\/canex.tech\\\/es\\\/pongase-en-contacto-con\\\/#primaryimage\"},\"image\":{\"@id\":\"https:\\\/\\\/canex.tech\\\/es\\\/pongase-en-contacto-con\\\/#primaryimage\"},\"thumbnailUrl\":\"https:\\\/\\\/canex.tech\\\/wp-content\\\/uploads\\\/2025\\\/08\\\/canex-tech-about.jpg\",\"datePublished\":\"2020-02-11T19:26:02+00:00\",\"dateModified\":\"2024-09-02T21:37:34+00:00\",\"description\":\"Contacta a nuestro equipo de expertos para saber m\u00e1s sobre nuestra oferta y encontrar respuestas a tus preguntas m\u00e1s importantes.\",\"breadcrumb\":{\"@id\":\"https:\\\/\\\/canex.tech\\\/es\\\/pongase-en-contacto-con\\\/#breadcrumb\"},\"inLanguage\":\"es\",\"potentialAction\":[{\"@type\":\"ReadAction\",\"target\":[\"https:\\\/\\\/canex.tech\\\/es\\\/pongase-en-contacto-con\\\/\"]}]},{\"@type\":\"ImageObject\",\"inLanguage\":\"es\",\"@id\":\"https:\\\/\\\/canex.tech\\\/es\\\/pongase-en-contacto-con\\\/#primaryimage\",\"url\":\"https:\\\/\\\/canex.tech\\\/wp-content\\\/uploads\\\/2025\\\/08\\\/canex-tech-about.jpg\",\"contentUrl\":\"https:\\\/\\\/canex.tech\\\/wp-content\\\/uploads\\\/2025\\\/08\\\/canex-tech-about.jpg\",\"width\":1200,\"height\":628},{\"@type\":\"BreadcrumbList\",\"@id\":\"https:\\\/\\\/canex.tech\\\/es\\\/pongase-en-contacto-con\\\/#breadcrumb\",\"itemListElement\":[{\"@type\":\"ListItem\",\"position\":1,\"name\":\"Home\",\"item\":\"https:\\\/\\\/canex.tech\\\/es\\\/\"},{\"@type\":\"ListItem\",\"position\":2,\"name\":\"Cont\u00e1ctanos\"}]},{\"@type\":\"WebSite\",\"@id\":\"https:\\\/\\\/canex.tech\\\/es\\\/#website\",\"url\":\"https:\\\/\\\/canex.tech\\\/es\\\/\",\"name\":\"Can-Ex Technologies\",\"description\":\"\",\"publisher\":{\"@id\":\"https:\\\/\\\/canex.tech\\\/es\\\/#organization\"},\"potentialAction\":[{\"@type\":\"SearchAction\",\"target\":{\"@type\":\"EntryPoint\",\"urlTemplate\":\"https:\\\/\\\/canex.tech\\\/es\\\/?s={search_term_string}\"},\"query-input\":{\"@type\":\"PropertyValueSpecification\",\"valueRequired\":true,\"valueName\":\"search_term_string\"}}],\"inLanguage\":\"es\"},{\"@type\":\"Organization\",\"@id\":\"https:\\\/\\\/canex.tech\\\/es\\\/#organization\",\"name\":\"Can-Ex Technologies\",\"url\":\"https:\\\/\\\/canex.tech\\\/es\\\/\",\"logo\":{\"@type\":\"ImageObject\",\"inLanguage\":\"es\",\"@id\":\"https:\\\/\\\/canex.tech\\\/es\\\/#\\\/schema\\\/logo\\\/image\\\/\",\"url\":\"https:\\\/\\\/canex.tech\\\/wp-content\\\/uploads\\\/2023\\\/01\\\/1-logo-header.svg\",\"contentUrl\":\"https:\\\/\\\/canex.tech\\\/wp-content\\\/uploads\\\/2023\\\/01\\\/1-logo-header.svg\",\"caption\":\"Can-Ex Technologies\"},\"image\":{\"@id\":\"https:\\\/\\\/canex.tech\\\/es\\\/#\\\/schema\\\/logo\\\/image\\\/\"}}]}<\/script>\n<!-- \/ Yoast SEO Premium plugin. -->","yoast_head_json":{"title":"Cont\u00e1ctanos | Can-Ex Technologies","description":"Contacta a nuestro equipo de expertos para saber m\u00e1s sobre nuestra oferta y encontrar respuestas a tus preguntas m\u00e1s importantes.","robots":{"index":"index","follow":"follow","max-snippet":"max-snippet:-1","max-image-preview":"max-image-preview:large","max-video-preview":"max-video-preview:-1"},"canonical":"https:\/\/canex.tech\/es\/pongase-en-contacto-con\/","og_locale":"es_ES","og_type":"article","og_title":"Cont\u00e1ctanos","og_description":"Contacta a nuestro equipo de expertos para saber m\u00e1s sobre nuestra oferta y encontrar respuestas a tus preguntas m\u00e1s importantes.","og_url":"https:\/\/canex.tech\/es\/pongase-en-contacto-con\/","og_site_name":"Can-Ex Technologies","article_modified_time":"2024-09-02T21:37:34+00:00","og_image":[{"width":1200,"height":628,"url":"https:\/\/canex.tech\/wp-content\/uploads\/2023\/01\/328-canex-tech-image-vedette.png","type":"image\/png"}],"twitter_card":"summary_large_image","twitter_misc":{"Tiempo de lectura":"1 minuto"},"schema":{"@context":"https:\/\/schema.org","@graph":[{"@type":"WebPage","@id":"https:\/\/canex.tech\/es\/pongase-en-contacto-con\/","url":"https:\/\/canex.tech\/es\/pongase-en-contacto-con\/","name":"Cont\u00e1ctanos | Can-Ex Technologies","isPartOf":{"@id":"https:\/\/canex.tech\/es\/#website"},"primaryImageOfPage":{"@id":"https:\/\/canex.tech\/es\/pongase-en-contacto-con\/#primaryimage"},"image":{"@id":"https:\/\/canex.tech\/es\/pongase-en-contacto-con\/#primaryimage"},"thumbnailUrl":"https:\/\/canex.tech\/wp-content\/uploads\/2025\/08\/canex-tech-about.jpg","datePublished":"2020-02-11T19:26:02+00:00","dateModified":"2024-09-02T21:37:34+00:00","description":"Contacta a nuestro equipo de expertos para saber m\u00e1s sobre nuestra oferta y encontrar respuestas a tus preguntas m\u00e1s importantes.","breadcrumb":{"@id":"https:\/\/canex.tech\/es\/pongase-en-contacto-con\/#breadcrumb"},"inLanguage":"es","potentialAction":[{"@type":"ReadAction","target":["https:\/\/canex.tech\/es\/pongase-en-contacto-con\/"]}]},{"@type":"ImageObject","inLanguage":"es","@id":"https:\/\/canex.tech\/es\/pongase-en-contacto-con\/#primaryimage","url":"https:\/\/canex.tech\/wp-content\/uploads\/2025\/08\/canex-tech-about.jpg","contentUrl":"https:\/\/canex.tech\/wp-content\/uploads\/2025\/08\/canex-tech-about.jpg","width":1200,"height":628},{"@type":"BreadcrumbList","@id":"https:\/\/canex.tech\/es\/pongase-en-contacto-con\/#breadcrumb","itemListElement":[{"@type":"ListItem","position":1,"name":"Home","item":"https:\/\/canex.tech\/es\/"},{"@type":"ListItem","position":2,"name":"Cont\u00e1ctanos"}]},{"@type":"WebSite","@id":"https:\/\/canex.tech\/es\/#website","url":"https:\/\/canex.tech\/es\/","name":"Can-Ex Technologies","description":"","publisher":{"@id":"https:\/\/canex.tech\/es\/#organization"},"potentialAction":[{"@type":"SearchAction","target":{"@type":"EntryPoint","urlTemplate":"https:\/\/canex.tech\/es\/?s={search_term_string}"},"query-input":{"@type":"PropertyValueSpecification","valueRequired":true,"valueName":"search_term_string"}}],"inLanguage":"es"},{"@type":"Organization","@id":"https:\/\/canex.tech\/es\/#organization","name":"Can-Ex Technologies","url":"https:\/\/canex.tech\/es\/","logo":{"@type":"ImageObject","inLanguage":"es","@id":"https:\/\/canex.tech\/es\/#\/schema\/logo\/image\/","url":"https:\/\/canex.tech\/wp-content\/uploads\/2023\/01\/1-logo-header.svg","contentUrl":"https:\/\/canex.tech\/wp-content\/uploads\/2023\/01\/1-logo-header.svg","caption":"Can-Ex Technologies"},"image":{"@id":"https:\/\/canex.tech\/es\/#\/schema\/logo\/image\/"}}]}},"_links":{"self":[{"href":"https:\/\/canex.tech\/es\/wp-json\/wp\/v2\/pages\/2157","targetHints":{"allow":["GET"]}}],"collection":[{"href":"https:\/\/canex.tech\/es\/wp-json\/wp\/v2\/pages"}],"about":[{"href":"https:\/\/canex.tech\/es\/wp-json\/wp\/v2\/types\/page"}],"author":[{"embeddable":true,"href":"https:\/\/canex.tech\/es\/wp-json\/wp\/v2\/users\/2"}],"replies":[{"embeddable":true,"href":"https:\/\/canex.tech\/es\/wp-json\/wp\/v2\/comments?post=2157"}],"version-history":[{"count":0,"href":"https:\/\/canex.tech\/es\/wp-json\/wp\/v2\/pages\/2157\/revisions"}],"wp:featuredmedia":[{"embeddable":true,"href":"https:\/\/canex.tech\/es\/wp-json\/wp\/v2\/media\/3051"}],"wp:attachment":[{"href":"https:\/\/canex.tech\/es\/wp-json\/wp\/v2\/media?parent=2157"}],"curies":[{"name":"wp","href":"https:\/\/api.w.org\/{rel}","templated":true}]}}